{"id":693,"date":"2016-04-11T06:44:30","date_gmt":"2016-04-11T04:44:30","guid":{"rendered":"http:\/\/johancrous.co.za\/?page_id=693"},"modified":"2018-02-26T17:27:27","modified_gmt":"2018-02-26T15:27:27","slug":"verwronge-wraak","status":"publish","type":"page","link":"http:\/\/johancrous.co.za\/?page_id=693","title":{"rendered":"Verwronge Wraak"},"content":{"rendered":"<p><img loading=\"lazy\" class=\"alignnone wp-image-1453\" src=\"http:\/\/johancrous.co.za\/wp-content\/uploads\/2015\/11\/3D-Book-Template_Verwronge-Wraak_S-244x300.jpg\" width=\"326\" height=\"400\" srcset=\"http:\/\/johancrous.co.za\/wp-content\/uploads\/2015\/11\/3D-Book-Template_Verwronge-Wraak_S-244x300.jpg 244w, http:\/\/johancrous.co.za\/wp-content\/uploads\/2015\/11\/3D-Book-Template_Verwronge-Wraak_S.jpg 400w\" sizes=\"(max-width: 326px) 100vw, 326px\" \/><\/p>\n<p><img loading=\"lazy\" class=\"alignnone wp-image-2027\" src=\"http:\/\/johancrous.co.za\/wp-content\/uploads\/2018\/02\/Romantiese-Speurverhaal-300x31.jpg\" alt=\"\" width=\"252\" height=\"26\" srcset=\"http:\/\/johancrous.co.za\/wp-content\/uploads\/2018\/02\/Romantiese-Speurverhaal-300x31.jpg 300w, http:\/\/johancrous.co.za\/wp-content\/uploads\/2018\/02\/Romantiese-Speurverhaal-720x78.jpg 720w, http:\/\/johancrous.co.za\/wp-content\/uploads\/2018\/02\/Romantiese-Speurverhaal.jpg 762w\" sizes=\"(max-width: 252px) 100vw, 252px\" \/><\/p>\n<p>ISBN 978-0-620-71281-1 (epub)<br \/>\nISBN 978-0-620-71282-8 (mobi)<br \/>\nISBN 978-0-620-71283-5 (pdf)<\/p>\n<p style=\"text-align: justify;\">Die strate van Kaapstad word geterroriseer deur &#8216;n reeksmoordenaar wat jong vrouens vermoor en hul liggame nakend laat. Elkeen het &#8216;n koe\u00eblwond in die kop. Die Polisie besluit om daadwerklike ondersoek te doen en nader kaptein Wouter Malan, &#8216;n ervare reeksmoord speurder van Boland.<\/p>\n<p style=\"text-align: justify;\">Na Wouter sy vrou uitvang op video na sy drie dae agtermekaar vir hom gelieg het en met sy vroend geslaap het, skei hy van haar en aanvaar &#8216;n verplasing na Kaapstad. Hy wil nou niks met vrouens te doen h\u00ea nie.<\/p>\n<p style=\"text-align: justify;\">Hy word as &#8216;n span indgedeel met adjudant-offisier Ivanka Pool, &#8216;n beeldskone vrou wat op haar beurt niks met mans te doen wil h\u00ea nie, want sy het &#8216;n liefdesteleurstelling gehad.<\/p>\n<p style=\"text-align: justify;\">Van die eerste dag af behandel Wouter haar as sy gelyke. Sy moet self besluite neem en sy moet selfs hul motor bestuur. Wouter kom vir haar op by sy seniors en dring aan daarop dat hy vir haar as sy assistent wil h\u00ea. Onder sy leiding maak sy ook &#8216;n paar deurbrake in die ondersoek.<\/p>\n<p style=\"text-align: justify;\">Wanneer hulle op pad is na &#8216;n slagoffer se huis, hoor Ivanka sy gesprek met sy eks vrou en besef hy het net so seer gekry as sy. Sy is nie al een wat die seer ken nie. In hul ondersoek na die moordenaar leer hulle mekaar respekteer en word vriende.<\/p>\n<p>Daar is &#8216;n lang pad om die moordenaar op te spoor&#8230;..<\/p>\n<p>&nbsp;<\/p>\n<p style=\"text-align: justify;\"><strong>Hierdie boek is die skoon en romantiese weergawe. Seks word nie in detail beskryf nie.<br \/>\n<\/strong><\/p>\n<p><img loading=\"lazy\" class=\"alignnone wp-image-100\" src=\"http:\/\/johancrous.co.za\/wp-content\/uploads\/2016\/03\/Goodreads.com_.jpeg\" alt=\"Goodreads.com\" width=\"80\" height=\"80\" srcset=\"http:\/\/johancrous.co.za\/wp-content\/uploads\/2016\/03\/Goodreads.com_.jpeg 225w, http:\/\/johancrous.co.za\/wp-content\/uploads\/2016\/03\/Goodreads.com_-150x150.jpeg 150w\" sizes=\"(max-width: 80px) 100vw, 80px\" \/><\/p>\n<h3>Goodreads.com resensies:<\/h3>\n<div class=\"reviewHeader uitext stacked\">Johnny Weizmuller (5 Ster)<\/div>\n<div class=\"reviewText stacked\" style=\"text-align: justify;\"><span class=\"readable\"><span class=\"readable\"> Hierdie speurverhaal, die eerste een vir hierdie skrywer, was beslis een van sy puik boeke.<br \/>\nDie skrywer gebruik die skryfstyl waar die leser weet maar nie die speurders nie.<br \/>\nTot op &#8216;n punt, dan weet niemand meer nie.<br \/>\nDie skrywer is vermoedelik self in die polisie gewees, want hy gee &#8216;n goeie weergawe hoe hulle werk. Hy weergee ook nie die polisie weer as mense wat onnodiglik suip of vuil taal gebruik nie.<br \/>\nDie boek het elemente van romanse ook in met &#8216;n mooi en gelukkige einde.<br \/>\nDie leser kan kies of hy of sy die boek met of sonder seks wil lees.<\/span><\/span><br \/>\nDie boek word met die grootste vrymoedigheid aanbeveel.<\/div>\n<p><img loading=\"lazy\" class=\"alignnone wp-image-248\" src=\"http:\/\/johancrous.co.za\/wp-content\/uploads\/2016\/03\/Smaswords.com-Icon.png\" alt=\"Smaswords.com Icon\" width=\"80\" height=\"80\" \/><\/p>\n<h3>Smashwords.com resensies:<\/h3>\n<p style=\"text-align: justify;\">Flamingcrystal (5 Ster)<i class=\"icon-star icon-fixed-width\"><\/i><i class=\"icon-star icon-fixed-width\"><\/i><i class=\"icon-star icon-fixed-width\"><\/i><i class=\"icon-star icon-fixed-width\"><\/i><i class=\"icon-star icon-fixed-width\"><\/i><br \/>\nJohan Crous ek kan met eerlikheid s\u00ea dat Verwronge Wraak vir my interessant was. Ek hou van speurverhale waar daar \u00f1 goeie storielyn is en die storie nie net bestaan uit \u00f1 gevroetel tussen die lakens en matras gimnastiek nie. Jy het die moordenaar op so wyse beskryf dat mens in sy gedagtes kon inklim en kon verstaan waarom hy die moorde gepleeg het. Hier kan ek nou die spreekwoord verander en s\u00ea &#8220;hell has way less fury than a sex-hungry man scorned.&#8221; Ek hoop regtig dat jy meer sulke interaktiewe speurverhale waar lesers kan kies tussen die skoon weergawe wat net \u00f1 tikkie romanse bevat soos hierdie een, of die vuurwarm weergawe vir ons gaan skryf. Ek&#8217;t die skoon weergawe gekies. Ek wil nie van my stoel afgly nie *bloos*<\/p>\n<h3>Koop:<\/h3>\n<h4>Elektronies:<\/h4>\n<p><img loading=\"lazy\" class=\"alignnone wp-image-1455\" src=\"http:\/\/johancrous.co.za\/wp-content\/uploads\/2016\/04\/2D_Verwronge-Wraak_S-225x300.jpg\" width=\"160\" height=\"213\" srcset=\"http:\/\/johancrous.co.za\/wp-content\/uploads\/2016\/04\/2D_Verwronge-Wraak_S-225x300.jpg 225w, http:\/\/johancrous.co.za\/wp-content\/uploads\/2016\/04\/2D_Verwronge-Wraak_S.jpg 400w\" sizes=\"(max-width: 160px) 100vw, 160px\" \/><\/p>\n<div class=\"smashwords-widget\" style=\"width: 180px; height: 150px;\" data-headline=\"Verwronge Wraak\" data-height=\"150\" data-width=\"180\" data-buttoncolor=\"#ffc801\" data-bgcolor=\"#fafafa\" data-ribboncolor=\"#4181c3\" data-font=\"sans\" data-items=\"book:638290\" data-type=\"single\"><\/div>\n<p><script id=\"smashwords-widget-js\" src=\"\/\/www.smashwidgets.com\/1\/widgets.js\" async=\"async\"><\/script><\/p>\n<p><a href=\"https:\/\/www.amazon.com\/Verwronge-Wraak-Afrikaans-Johan-Crous-ebook\/dp\/B01G0NC3TG\/ref=sr_1_1?ie=UTF8&amp;qid=1464537948&amp;sr=8-1&amp;keywords=verwronge+wraak\"><img loading=\"lazy\" class=\"alignnone wp-image-838\" src=\"http:\/\/johancrous.co.za\/wp-content\/uploads\/2016\/04\/Amazon-Icon-Wraak-300x300.jpg\" alt=\"Amazon Icon Wraak\" width=\"175\" height=\"175\" srcset=\"http:\/\/johancrous.co.za\/wp-content\/uploads\/2016\/04\/Amazon-Icon-Wraak-300x300.jpg 300w, http:\/\/johancrous.co.za\/wp-content\/uploads\/2016\/04\/Amazon-Icon-Wraak-150x150.jpg 150w, http:\/\/johancrous.co.za\/wp-content\/uploads\/2016\/04\/Amazon-Icon-Wraak.jpg 600w\" sizes=\"(max-width: 175px) 100vw, 175px\" \/><\/a><\/p>\n<p>Teen $3.41 (Mobi weergawe) en $10.99 (slapband gedrukte weergawe).<\/p>\n<h4><span style=\"color: #0000ff;\">EFT kopers, kontak my deur die kontakblad (Amazon.com se slapband weergawe uitgesluit).<\/span><\/h4>\n<h4>Slapband:<\/h4>\n<p><img loading=\"lazy\" class=\"alignnone wp-image-1453\" src=\"http:\/\/johancrous.co.za\/wp-content\/uploads\/2015\/11\/3D-Book-Template_Verwronge-Wraak_S-244x300.jpg\" width=\"160\" height=\"196\" srcset=\"http:\/\/johancrous.co.za\/wp-content\/uploads\/2015\/11\/3D-Book-Template_Verwronge-Wraak_S-244x300.jpg 244w, http:\/\/johancrous.co.za\/wp-content\/uploads\/2015\/11\/3D-Book-Template_Verwronge-Wraak_S.jpg 400w\" sizes=\"(max-width: 160px) 100vw, 160px\" \/><\/p>\n<p><a href=\"https:\/\/www.createspace.com\/6529465\" target=\"_blank\" rel=\"noopener\"><img loading=\"lazy\" class=\"alignnone wp-image-1133\" src=\"http:\/\/johancrous.co.za\/wp-content\/uploads\/2016\/04\/Amazon-Icon-Wraak_CS-300x300.jpg\" alt=\"amazon-icon-wraak_cs\" width=\"175\" height=\"175\" srcset=\"http:\/\/johancrous.co.za\/wp-content\/uploads\/2016\/04\/Amazon-Icon-Wraak_CS-300x300.jpg 300w, http:\/\/johancrous.co.za\/wp-content\/uploads\/2016\/04\/Amazon-Icon-Wraak_CS-150x150.jpg 150w, http:\/\/johancrous.co.za\/wp-content\/uploads\/2016\/04\/Amazon-Icon-Wraak_CS.jpg 600w\" sizes=\"(max-width: 175px) 100vw, 175px\" \/><\/a><\/p>\n<p>Teen $10.99 (slapband gedrukte weergawe).<\/p>\n<h4><span style=\"color: #008000;\">EFT is nie vir Createspace moontlik nie.<\/span><\/h4>\n<p>&nbsp;<\/p>\n<p><a href=\"http:\/\/johancrous.co.za\/?page_id=2\" rel=\"attachment wp-att-84\"><img loading=\"lazy\" class=\"alignnone wp-image-84\" src=\"http:\/\/johancrous.co.za\/wp-content\/uploads\/2015\/11\/Back.jpeg\" alt=\"Back\" width=\"50\" height=\"50\" srcset=\"http:\/\/johancrous.co.za\/wp-content\/uploads\/2015\/11\/Back.jpeg 204w, http:\/\/johancrous.co.za\/wp-content\/uploads\/2015\/11\/Back-150x150.jpeg 150w\" sizes=\"(max-width: 50px) 100vw, 50px\" \/><\/a><\/p>\n","protected":false},"excerpt":{"rendered":"<p>ISBN 978-0-620-71281-1 (epub) ISBN 978-0-620-71282-8 (mobi) ISBN 978-0-620-71283-5 (pdf) Die strate van Kaapstad word geterroriseer deur &#8216;n reeksmoordenaar wat jong vrouens vermoor en hul liggame nakend laat. Elkeen het &#8216;n koe\u00eblwond in die kop. Die Polisie besluit om daadwerklike ondersoek te doen en nader kaptein Wouter Malan, &#8216;n ervare reeksmoord speurder van Boland. Na Wouter [&hellip;]<\/p>\n","protected":false},"author":1,"featured_media":0,"parent":0,"menu_order":0,"comment_status":"closed","ping_status":"closed","template":"templates\/template-full.php","meta":{"_links_to":"","_links_to_target":""},"_links":{"self":[{"href":"http:\/\/johancrous.co.za\/index.php?rest_route=\/wp\/v2\/pages\/693"}],"collection":[{"href":"http:\/\/johancrous.co.za\/index.php?rest_route=\/wp\/v2\/pages"}],"about":[{"href":"http:\/\/johancrous.co.za\/index.php?rest_route=\/wp\/v2\/types\/page"}],"author":[{"embeddable":true,"href":"http:\/\/johancrous.co.za\/index.php?rest_route=\/wp\/v2\/users\/1"}],"replies":[{"embeddable":true,"href":"http:\/\/johancrous.co.za\/index.php?rest_route=%2Fwp%2Fv2%2Fcomments&post=693"}],"version-history":[{"count":25,"href":"http:\/\/johancrous.co.za\/index.php?rest_route=\/wp\/v2\/pages\/693\/revisions"}],"predecessor-version":[{"id":2046,"href":"http:\/\/johancrous.co.za\/index.php?rest_route=\/wp\/v2\/pages\/693\/revisions\/2046"}],"wp:attachment":[{"href":"http:\/\/johancrous.co.za\/index.php?rest_route=%2Fwp%2Fv2%2Fmedia&parent=693"}],"curies":[{"name":"wp","href":"https:\/\/api.w.org\/{rel}","templated":true}]}}