{"id":2187,"date":"2018-09-09T14:37:38","date_gmt":"2018-09-09T12:37:38","guid":{"rendered":"http:\/\/johancrous.co.za\/?page_id=2187"},"modified":"2020-06-20T16:11:03","modified_gmt":"2020-06-20T14:11:03","slug":"rene","status":"publish","type":"page","link":"http:\/\/johancrous.co.za\/?page_id=2187","title":{"rendered":"Ren\u00e9"},"content":{"rendered":"<p><img loading=\"lazy\" class=\"alignleft wp-image-3618\" src=\"http:\/\/johancrous.co.za\/wp-content\/uploads\/2020\/06\/3D-Ren\u00e9-250x300.png\" alt=\"\" width=\"334\" height=\"400\" srcset=\"http:\/\/johancrous.co.za\/wp-content\/uploads\/2020\/06\/3D-Ren\u00e9-250x300.png 250w, http:\/\/johancrous.co.za\/wp-content\/uploads\/2020\/06\/3D-Ren\u00e9-854x1024.png 854w, http:\/\/johancrous.co.za\/wp-content\/uploads\/2020\/06\/3D-Ren\u00e9-768x921.png 768w, http:\/\/johancrous.co.za\/wp-content\/uploads\/2020\/06\/3D-Ren\u00e9.png 1001w\" sizes=\"(max-width: 334px) 100vw, 334px\" \/><\/p>\n<p>&nbsp;<\/p>\n<p>&nbsp;<\/p>\n<p>&nbsp;<\/p>\n<p>&nbsp;<\/p>\n<p>&nbsp;<\/p>\n<p>&nbsp;<\/p>\n<p>&nbsp;<\/p>\n<p>&nbsp;<\/p>\n<p>&nbsp;<\/p>\n<p>&nbsp;<\/p>\n<p>&nbsp;<\/p>\n<p>&nbsp;<\/p>\n<p>&nbsp;<\/p>\n<p>ISBN 978-0-463-03375-3<\/p>\n<p style=\"text-align: justify;\">Vier jaar is baie lank, lewenslank, om &#8216;n galeislaaf te wees. Ren\u00e9 Durant se beste vriend, Gerhardt Pawels het hom oorrmpel en as galeislaaf verkoop op die aand wat Ren\u00e9 vir Willemien Van der Toorn wou vra om met haar te trou. Na hy suksesvol ontsnap en oom Andr\u00e9, die graaf Moreau, ook help ontsnap, neem oom Andr\u00e9 hom aan as sy seun en sodoende <span class=\"text_exposed_show\">word hy die jong graaf Alphonso Moreau. Dit is die ideale vermomming om terug te keer en sy eiendom terug te kry en Pawels en sy trawante te laat boet.<\/span><\/p>\n<div class=\"text_exposed_show\">\n<p style=\"text-align: justify;\">Willemien kan nie van Ren\u00e9 vergeet nie en besef later dat die lewe voortgaan. Sy raak na drie en &#8216;n halwe jaar aan Gerhardt verloof, want sy wil graag kinders h\u00ea. Gerhardt weet sy het steeds vir Ren\u00e9 lief. Hulle gaan op &#8216;n ooreenkoms trou.<\/p>\n<p style=\"text-align: justify;\">Willemien is onmiddellik aangetrokke tot die jong graaf Moreau. Hy herrinner haar so baie aan Ren\u00e9 en krap haar gemoed om. Hy soen net soos Ren\u00e9 en hy dans net soos hy. Wanneer hy haar verlei, weet sy, sy wil eerder met hom trou.<\/p>\n<p style=\"text-align: justify;\">Wanneer die jong graaf en Gerhardt bots, kom baie na die swaardgeveg kyk. Daar maak Willemien &#8216;n skokkende ontdekking en weet Ren\u00e9 is nou vir haar verlore. Hoekom is die lewe so ongenadiglik wreed?<\/p>\n<p style=\"text-align: justify;\">Sal hulle ooit bymekaar kan kom? Hoe gaan sy hom oortuig sy het hom lief, nie vir Gerhardt nie?<\/p>\n<p style=\"text-align: justify;\">Hierdie verhaal het heelwat aksie. Daar is swaardgevegte, seegevegte en selfs &#8216;n tipe van &#8216;n tweegeveg in die vorm van &#8216;n dobbelspel met kaarte en volop geld. Hierdie boek sal jou die ou Kaapse tyd laat herleef.<\/p>\n<p><img loading=\"lazy\" class=\"alignnone wp-image-985\" src=\"http:\/\/johancrous.co.za\/wp-content\/uploads\/2016\/03\/Interaktief.jpg\" alt=\"Interaktief\" width=\"160\" height=\"80\" \/><\/p>\n<p style=\"text-align: justify;\">Die elektroniese weergawe is interaktief. U as leser kan met die kies van &#8216;n skakel kies of u die erotiese of romantiese weergawe wil lees, met ander woorde, u kan kies of u die boek met of sonder beskrywende seks wil lees.<\/p>\n<h3>Koop:<\/h3>\n<h4>Elektronies:<\/h4>\n<p><img loading=\"lazy\" class=\"alignnone wp-image-2923 size-medium\" src=\"http:\/\/johancrous.co.za\/wp-content\/uploads\/2019\/09\/Cell_Icon-Ren\u00e9-300x117.jpg\" alt=\"\" width=\"300\" height=\"117\" srcset=\"http:\/\/johancrous.co.za\/wp-content\/uploads\/2019\/09\/Cell_Icon-Ren\u00e9-300x117.jpg 300w, http:\/\/johancrous.co.za\/wp-content\/uploads\/2019\/09\/Cell_Icon-Ren\u00e9-768x300.jpg 768w, http:\/\/johancrous.co.za\/wp-content\/uploads\/2019\/09\/Cell_Icon-Ren\u00e9.jpg 1023w\" sizes=\"(max-width: 300px) 100vw, 300px\" \/><\/p>\n<p>&nbsp;<\/p>\n<div class=\"smashwords-widget\" style=\"width: 180px; height: 150px;\" data-type=\"single\" data-items=\"book:903272\" data-font=\"sans\" data-ribboncolor=\"#4181c3\" data-bgcolor=\"#fafafa\" data-buttoncolor=\"#ffc801\" data-width=\"180\" data-height=\"150\" data-headline=\"Ren\u00e9\"><\/div>\n<p><script id=\"smashwords-widget-js\" async=\"async\" src=\"\/\/www.smashwidgets.com\/1\/widgets.js\"><\/script><\/p>\n<p><a href=\"https:\/\/www.amazon.com\/Ren%C3%A9-Afrikaans-Johan-Crous-ebook\/dp\/B07JPZHNS2\/ref=sr_1_1?keywords=Ren%C3%A9+by+Johan+Crous&amp;qid=1568045540&amp;s=digital-text&amp;sr=1-1\" target=\"_blank\" rel=\"noopener noreferrer\"><img loading=\"lazy\" class=\"alignnone wp-image-2924\" src=\"http:\/\/johancrous.co.za\/wp-content\/uploads\/2019\/09\/Amazon-Icon-Rene.jpg\" alt=\"\" width=\"175\" height=\"175\" srcset=\"http:\/\/johancrous.co.za\/wp-content\/uploads\/2019\/09\/Amazon-Icon-Rene.jpg 600w, http:\/\/johancrous.co.za\/wp-content\/uploads\/2019\/09\/Amazon-Icon-Rene-150x150.jpg 150w, http:\/\/johancrous.co.za\/wp-content\/uploads\/2019\/09\/Amazon-Icon-Rene-300x300.jpg 300w\" sizes=\"(max-width: 175px) 100vw, 175px\" \/><\/a><\/p>\n<p>$4.59 (Ongeveer R60.00)<\/p>\n<p>Die boek sal binnekort in druk ook beskikbaar wees.<\/p>\n<\/div>\n<p><a href=\"http:\/\/johancrous.co.za\/?page_id=2\" rel=\"attachment wp-att-84\"><img loading=\"lazy\" class=\"alignnone wp-image-84\" src=\"http:\/\/johancrous.co.za\/wp-content\/uploads\/2015\/11\/Back.jpeg\" alt=\"Back\" width=\"50\" height=\"50\" srcset=\"http:\/\/johancrous.co.za\/wp-content\/uploads\/2015\/11\/Back.jpeg 204w, http:\/\/johancrous.co.za\/wp-content\/uploads\/2015\/11\/Back-150x150.jpeg 150w\" sizes=\"(max-width: 50px) 100vw, 50px\" \/><\/a><\/p>\n","protected":false},"excerpt":{"rendered":"<p>&nbsp; &nbsp; &nbsp; &nbsp; &nbsp; &nbsp; &nbsp; &nbsp; &nbsp; &nbsp; &nbsp; &nbsp; &nbsp; ISBN 978-0-463-03375-3 Vier jaar is baie lank, lewenslank, om &#8216;n galeislaaf te wees. Ren\u00e9 Durant se beste vriend, Gerhardt Pawels het hom oorrmpel en as galeislaaf verkoop op die aand wat Ren\u00e9 vir Willemien Van der Toorn wou vra om met haar [&hellip;]<\/p>\n","protected":false},"author":1,"featured_media":0,"parent":0,"menu_order":0,"comment_status":"closed","ping_status":"closed","template":"","meta":{"_links_to":"","_links_to_target":""},"_links":{"self":[{"href":"http:\/\/johancrous.co.za\/index.php?rest_route=\/wp\/v2\/pages\/2187"}],"collection":[{"href":"http:\/\/johancrous.co.za\/index.php?rest_route=\/wp\/v2\/pages"}],"about":[{"href":"http:\/\/johancrous.co.za\/index.php?rest_route=\/wp\/v2\/types\/page"}],"author":[{"embeddable":true,"href":"http:\/\/johancrous.co.za\/index.php?rest_route=\/wp\/v2\/users\/1"}],"replies":[{"embeddable":true,"href":"http:\/\/johancrous.co.za\/index.php?rest_route=%2Fwp%2Fv2%2Fcomments&post=2187"}],"version-history":[{"count":7,"href":"http:\/\/johancrous.co.za\/index.php?rest_route=\/wp\/v2\/pages\/2187\/revisions"}],"predecessor-version":[{"id":3635,"href":"http:\/\/johancrous.co.za\/index.php?rest_route=\/wp\/v2\/pages\/2187\/revisions\/3635"}],"wp:attachment":[{"href":"http:\/\/johancrous.co.za\/index.php?rest_route=%2Fwp%2Fv2%2Fmedia&parent=2187"}],"curies":[{"name":"wp","href":"https:\/\/api.w.org\/{rel}","templated":true}]}}